{"id":2101,"date":"2021-12-23T07:51:11","date_gmt":"2021-12-23T06:51:11","guid":{"rendered":"https:\/\/kumi.es\/shop\/uncategorized\/champu-volumen-250ml\/"},"modified":"2025-10-29T14:53:05","modified_gmt":"2025-10-29T13:53:05","slug":"champu-volumen-250ml","status":"publish","type":"product","link":"https:\/\/kumi.es\/en\/shop\/ecozen-en\/champu-volumen-250ml\/","title":{"rendered":"Champ\u00fa Volumen 250ml"},"content":{"rendered":"<p><strong><b>MODO DE USO<\/b><\/strong>: Aplicar sobre los cabellos h\u00famedos masajeando suavemente, friccionado al sentido contrario de la extensi\u00f3n del cabello. Enjuague abundantemente y repita este proceso 2 (dos) veces, dej\u00e1ndolo reposa r un m\u00ednimo de 5 minutos. Enjuague retirando el 100% del producto.<\/p>\n","protected":false},"excerpt":{"rendered":"<p>Cleaner Volumen EcoZEN fue desarrollado para promover una limpieza profunda y fortalecer el cabello con propiedades revitalizantes que le dan m\u00e1s volumen y cuerpo a tu cabello. Gracias a sus componentes de origen vegano y naturales es un shampoo anti-edad que aporta brillo a los cabellos opacos y los fortalece nutriendo el cabello profundamente sin aportar peso, haci\u00e9ndolo suave y sedoso.<\/p>\n<p>&nbsp;<\/p>\n","protected":false},"featured_media":2074,"comment_status":"open","ping_status":"closed","template":"","meta":[],"yoast_head":"<!-- This site is optimized with the Yoast SEO plugin v19.6 - https:\/\/yoast.com\/wordpress\/plugins\/seo\/ -->\n<title>Champ\u00fa Volumen 250ml - Kumi The Eternal Beauty<\/title>\n<meta name=\"robots\" content=\"index, follow, max-snippet:-1, max-image-preview:large, max-video-preview:-1\" \/>\n<link rel=\"canonical\" href=\"https:\/\/kumi.es\/en\/shop\/ecozen-en\/champu-volumen-250ml\/\" \/>\n<meta property=\"og:locale\" content=\"en_US\" \/>\n<meta property=\"og:type\" content=\"article\" \/>\n<meta property=\"og:title\" content=\"Champ\u00fa Volumen 250ml - Kumi The Eternal Beauty\" \/>\n<meta property=\"og:description\" content=\"Cleaner Volumen EcoZEN fue desarrollado para promover una limpieza profunda y fortalecer el cabello con propiedades revitalizantes que le dan m\u00e1s volumen y cuerpo a tu cabello. Gracias a sus componentes de origen vegano y naturales es un shampoo anti-edad que aporta brillo a los cabellos opacos y los fortalece nutriendo el cabello profundamente sin aportar peso, haci\u00e9ndolo suave y sedoso.  &nbsp;\" \/>\n<meta property=\"og:url\" content=\"https:\/\/kumi.es\/en\/shop\/ecozen-en\/champu-volumen-250ml\/\" \/>\n<meta property=\"og:site_name\" content=\"Kumi The Eternal Beauty\" \/>\n<meta property=\"article:publisher\" content=\"https:\/\/www.facebook.com\/Kumi-Eternal-Beauty-101308592232562\" \/>\n<meta property=\"article:modified_time\" content=\"2025-10-29T13:53:05+00:00\" \/>\n<meta property=\"og:image\" content=\"https:\/\/kumi.es\/wp-content\/uploads\/2021\/12\/champu-volumen.png\" \/>\n\t<meta property=\"og:image:width\" content=\"1080\" \/>\n\t<meta property=\"og:image:height\" content=\"1080\" \/>\n\t<meta property=\"og:image:type\" content=\"image\/png\" \/>\n<meta name=\"twitter:card\" content=\"summary_large_image\" \/>\n<script type=\"application\/ld+json\" class=\"yoast-schema-graph\">{\"@context\":\"https:\/\/schema.org\",\"@graph\":[{\"@type\":\"WebPage\",\"@id\":\"https:\/\/kumi.es\/en\/shop\/ecozen-en\/champu-volumen-250ml\/\",\"url\":\"https:\/\/kumi.es\/en\/shop\/ecozen-en\/champu-volumen-250ml\/\",\"name\":\"Champ\u00fa Volumen 250ml - Kumi The Eternal Beauty\",\"isPartOf\":{\"@id\":\"https:\/\/kumi.es\/#website\"},\"datePublished\":\"2021-12-23T06:51:11+00:00\",\"dateModified\":\"2025-10-29T13:53:05+00:00\",\"breadcrumb\":{\"@id\":\"https:\/\/kumi.es\/en\/shop\/ecozen-en\/champu-volumen-250ml\/#breadcrumb\"},\"inLanguage\":\"en-US\",\"potentialAction\":[{\"@type\":\"ReadAction\",\"target\":[\"https:\/\/kumi.es\/en\/shop\/ecozen-en\/champu-volumen-250ml\/\"]}]},{\"@type\":\"BreadcrumbList\",\"@id\":\"https:\/\/kumi.es\/en\/shop\/ecozen-en\/champu-volumen-250ml\/#breadcrumb\",\"itemListElement\":[{\"@type\":\"ListItem\",\"position\":1,\"name\":\"Portada\",\"item\":\"https:\/\/kumi.es\/en\/home-2\/\"},{\"@type\":\"ListItem\",\"position\":2,\"name\":\"Shop\",\"item\":\"https:\/\/kumi.es\/shop-2\/\"},{\"@type\":\"ListItem\",\"position\":3,\"name\":\"Champ\u00fa Volumen 250ml\"}]},{\"@type\":\"WebSite\",\"@id\":\"https:\/\/kumi.es\/#website\",\"url\":\"https:\/\/kumi.es\/\",\"name\":\"Kumi The Eternal Beauty\",\"description\":\"KUMI El mundo de la cosm\u00e9tica capilar. Productos de peluquer\u00eda y productos para el cabello.\",\"publisher\":{\"@id\":\"https:\/\/kumi.es\/#organization\"},\"potentialAction\":[{\"@type\":\"SearchAction\",\"target\":{\"@type\":\"EntryPoint\",\"urlTemplate\":\"https:\/\/kumi.es\/?s={search_term_string}\"},\"query-input\":\"required name=search_term_string\"}],\"inLanguage\":\"en-US\"},{\"@type\":\"Organization\",\"@id\":\"https:\/\/kumi.es\/#organization\",\"name\":\"Kumi\",\"url\":\"https:\/\/kumi.es\/\",\"sameAs\":[\"https:\/\/www.instagram.com\/kumi_eternal_beauty\/\",\"https:\/\/www.facebook.com\/Kumi-Eternal-Beauty-101308592232562\"],\"logo\":{\"@type\":\"ImageObject\",\"inLanguage\":\"en-US\",\"@id\":\"https:\/\/kumi.es\/#\/schema\/logo\/image\/\",\"url\":\"https:\/\/kumi.es\/wp-content\/uploads\/2016\/09\/footer-2.png\",\"contentUrl\":\"https:\/\/kumi.es\/wp-content\/uploads\/2016\/09\/footer-2.png\",\"width\":121,\"height\":53,\"caption\":\"Kumi\"},\"image\":{\"@id\":\"https:\/\/kumi.es\/#\/schema\/logo\/image\/\"}}]}<\/script>\n<!-- \/ Yoast SEO plugin. -->","yoast_head_json":{"title":"Champ\u00fa Volumen 250ml - Kumi The Eternal Beauty","robots":{"index":"index","follow":"follow","max-snippet":"max-snippet:-1","max-image-preview":"max-image-preview:large","max-video-preview":"max-video-preview:-1"},"canonical":"https:\/\/kumi.es\/en\/shop\/ecozen-en\/champu-volumen-250ml\/","og_locale":"en_US","og_type":"article","og_title":"Champ\u00fa Volumen 250ml - Kumi The Eternal Beauty","og_description":"Cleaner Volumen EcoZEN fue desarrollado para promover una limpieza profunda y fortalecer el cabello con propiedades revitalizantes que le dan m\u00e1s volumen y cuerpo a tu cabello. Gracias a sus componentes de origen vegano y naturales es un shampoo anti-edad que aporta brillo a los cabellos opacos y los fortalece nutriendo el cabello profundamente sin aportar peso, haci\u00e9ndolo suave y sedoso.  &nbsp;","og_url":"https:\/\/kumi.es\/en\/shop\/ecozen-en\/champu-volumen-250ml\/","og_site_name":"Kumi The Eternal Beauty","article_publisher":"https:\/\/www.facebook.com\/Kumi-Eternal-Beauty-101308592232562","article_modified_time":"2025-10-29T13:53:05+00:00","og_image":[{"width":1080,"height":1080,"url":"https:\/\/kumi.es\/wp-content\/uploads\/2021\/12\/champu-volumen.png","type":"image\/png"}],"twitter_card":"summary_large_image","schema":{"@context":"https:\/\/schema.org","@graph":[{"@type":"WebPage","@id":"https:\/\/kumi.es\/en\/shop\/ecozen-en\/champu-volumen-250ml\/","url":"https:\/\/kumi.es\/en\/shop\/ecozen-en\/champu-volumen-250ml\/","name":"Champ\u00fa Volumen 250ml - Kumi The Eternal Beauty","isPartOf":{"@id":"https:\/\/kumi.es\/#website"},"datePublished":"2021-12-23T06:51:11+00:00","dateModified":"2025-10-29T13:53:05+00:00","breadcrumb":{"@id":"https:\/\/kumi.es\/en\/shop\/ecozen-en\/champu-volumen-250ml\/#breadcrumb"},"inLanguage":"en-US","potentialAction":[{"@type":"ReadAction","target":["https:\/\/kumi.es\/en\/shop\/ecozen-en\/champu-volumen-250ml\/"]}]},{"@type":"BreadcrumbList","@id":"https:\/\/kumi.es\/en\/shop\/ecozen-en\/champu-volumen-250ml\/#breadcrumb","itemListElement":[{"@type":"ListItem","position":1,"name":"Portada","item":"https:\/\/kumi.es\/en\/home-2\/"},{"@type":"ListItem","position":2,"name":"Shop","item":"https:\/\/kumi.es\/shop-2\/"},{"@type":"ListItem","position":3,"name":"Champ\u00fa Volumen 250ml"}]},{"@type":"WebSite","@id":"https:\/\/kumi.es\/#website","url":"https:\/\/kumi.es\/","name":"Kumi The Eternal Beauty","description":"KUMI El mundo de la cosm\u00e9tica capilar. Productos de peluquer\u00eda y productos para el cabello.","publisher":{"@id":"https:\/\/kumi.es\/#organization"},"potentialAction":[{"@type":"SearchAction","target":{"@type":"EntryPoint","urlTemplate":"https:\/\/kumi.es\/?s={search_term_string}"},"query-input":"required name=search_term_string"}],"inLanguage":"en-US"},{"@type":"Organization","@id":"https:\/\/kumi.es\/#organization","name":"Kumi","url":"https:\/\/kumi.es\/","sameAs":["https:\/\/www.instagram.com\/kumi_eternal_beauty\/","https:\/\/www.facebook.com\/Kumi-Eternal-Beauty-101308592232562"],"logo":{"@type":"ImageObject","inLanguage":"en-US","@id":"https:\/\/kumi.es\/#\/schema\/logo\/image\/","url":"https:\/\/kumi.es\/wp-content\/uploads\/2016\/09\/footer-2.png","contentUrl":"https:\/\/kumi.es\/wp-content\/uploads\/2016\/09\/footer-2.png","width":121,"height":53,"caption":"Kumi"},"image":{"@id":"https:\/\/kumi.es\/#\/schema\/logo\/image\/"}}]}},"_links":{"self":[{"href":"https:\/\/kumi.es\/en\/wp-json\/wp\/v2\/product\/2101"}],"collection":[{"href":"https:\/\/kumi.es\/en\/wp-json\/wp\/v2\/product"}],"about":[{"href":"https:\/\/kumi.es\/en\/wp-json\/wp\/v2\/types\/product"}],"replies":[{"embeddable":true,"href":"https:\/\/kumi.es\/en\/wp-json\/wp\/v2\/comments?post=2101"}],"wp:featuredmedia":[{"embeddable":true,"href":"https:\/\/kumi.es\/en\/wp-json\/wp\/v2\/media\/2074"}],"wp:attachment":[{"href":"https:\/\/kumi.es\/en\/wp-json\/wp\/v2\/media?parent=2101"}],"curies":[{"name":"wp","href":"https:\/\/api.w.org\/{rel}","templated":true}]}}