{"id":2099,"date":"2021-12-23T06:33:23","date_gmt":"2021-12-23T06:33:23","guid":{"rendered":"https:\/\/kumi.es\/producto\/glaze\/"},"modified":"2021-12-23T14:17:54","modified_gmt":"2021-12-23T14:17:54","slug":"glaze-comprar","status":"publish","type":"product","link":"https:\/\/kumi.es\/en\/shop\/glaze-en\/glaze-comprar\/","title":{"rendered":"Glaze"},"content":{"rendered":"&#13;\n<p>TIPS PARA UN CORRECTO USO Y APLICACI\u00d3N EN CABELLO<\/p>&#13;\n&#13;\n<p>\u2013 Sobre cabello h\u00famedo: Aplicar una cantidad suficiente de producto distribuyendo uniformemente de la ra\u00edz a las puntas, desenredando el cabello con el peine. Permite el secado con secador, plancha o al aire libre.<\/p>&#13;\n&#13;\n<p>\u2013 Sobre el cabello seco: Distribuir previamente el producto sobre la palma de la mano frot\u00e1ndose suavemente y aplicar sobre el cabello desde la ra\u00edz a las puntas. Si fuera necesario, repasar el peinado con plancha o secador.<\/p>&#13;\n&#13;\n<p>TIPS PARA UN CORRECTO USO Y APLICACI\u00d3N<\/p>&#13;\n&#13;\n<p>Aplicar una cantidad suficiente de producto distribuyendo uniformemente y masaje\u00e1ndolo, para mayor hidrataci\u00f3n de la piel es aconsejable aplicarlo sobre la piel h\u00fameda.<\/p>&#13;\n","protected":false},"excerpt":{"rendered":"<p>Glaze by Kumi. Este innovador producto repara no solo el cabello si no tambi\u00e9n la piel. Repara desde el interior el cabello seco y da\u00f1ado, aporta brillo y controla el encrespado. Adem\u00e1s, protege de la acci\u00f3n t\u00e9rmica previniendo as\u00ed la aparici\u00f3n de las puntas abiertas. GLAZE aporta al cabello suavidad, sedosidad . A nivel dermis sirve como base de maquillaje adem\u00e1s de eliminar picores y descamaci\u00f3n <br \/>. Sus compuestos permiten su uso para la piel , por lo que nutre e hidrata \u00a0el rostro y el cuerpo. Dentro de sus muchas cualidades lo podemos usar como base de maquillaje, descamaciones en cejas y nariz, etc. Entre sus nutrientes a ingredientes, destacar su composici\u00f3n con aceite de Rosa de Mosqueta, camomila, extracto florales con un envolvente aroma, girasoles, parafina, aceite de chufa y otros ingredientes que proceden de cultivos biol\u00f3gicos.<\/p>\n<p>\u00a0<\/p>\n","protected":false},"featured_media":2257,"comment_status":"open","ping_status":"closed","template":"","meta":[],"yoast_head":"<!-- This site is optimized with the Yoast SEO plugin v19.6 - https:\/\/yoast.com\/wordpress\/plugins\/seo\/ -->\n<title>Glaze - Kumi The Eternal Beauty<\/title>\n<meta name=\"robots\" content=\"index, follow, max-snippet:-1, max-image-preview:large, max-video-preview:-1\" \/>\n<link rel=\"canonical\" href=\"https:\/\/kumi.es\/en\/shop\/glaze\/glaze-comprar\/\" \/>\n<meta property=\"og:locale\" content=\"en_US\" \/>\n<meta property=\"og:type\" content=\"article\" \/>\n<meta property=\"og:title\" content=\"Glaze - Kumi The Eternal Beauty\" \/>\n<meta property=\"og:description\" content=\"Glaze by Kumi. Este innovador producto repara no solo el cabello si no tambi\u00e9n la piel. Repara desde el interior el cabello seco y da\u00f1ado, aporta brillo y controla el encrespado. Adem\u00e1s, protege de la acci\u00f3n t\u00e9rmica previniendo as\u00ed la aparici\u00f3n de las puntas abiertas. GLAZE aporta al cabello suavidad, sedosidad . A nivel dermis sirve como base de maquillaje adem\u00e1s de eliminar picores y descamaci\u00f3n . Sus compuestos permiten su uso para la piel , por lo que nutre e hidrata \u00a0el rostro y el cuerpo. Dentro de sus muchas cualidades lo podemos usar como base de maquillaje, descamaciones en cejas y nariz, etc. Entre sus nutrientes a ingredientes, destacar su composici\u00f3n con aceite de Rosa de Mosqueta, camomila, extracto florales con un envolvente aroma, girasoles, parafina, aceite de chufa y otros ingredientes que proceden de cultivos biol\u00f3gicos. \u00a0\" \/>\n<meta property=\"og:url\" content=\"https:\/\/kumi.es\/en\/shop\/glaze\/glaze-comprar\/\" \/>\n<meta property=\"og:site_name\" content=\"Kumi The Eternal Beauty\" \/>\n<meta property=\"article:publisher\" content=\"https:\/\/www.facebook.com\/Kumi-Eternal-Beauty-101308592232562\" \/>\n<meta property=\"article:modified_time\" content=\"2021-12-23T14:17:54+00:00\" \/>\n<meta property=\"og:image\" content=\"https:\/\/kumi.es\/wp-content\/uploads\/2021\/12\/glaze-kumi.jpg\" \/>\n\t<meta property=\"og:image:width\" content=\"1000\" \/>\n\t<meta property=\"og:image:height\" content=\"1033\" \/>\n\t<meta property=\"og:image:type\" content=\"image\/jpeg\" \/>\n<meta name=\"twitter:card\" content=\"summary_large_image\" \/>\n<meta name=\"twitter:label1\" content=\"Est. reading time\" \/>\n\t<meta name=\"twitter:data1\" content=\"1 minute\" \/>\n<script type=\"application\/ld+json\" class=\"yoast-schema-graph\">{\"@context\":\"https:\/\/schema.org\",\"@graph\":[{\"@type\":\"WebPage\",\"@id\":\"https:\/\/kumi.es\/en\/shop\/glaze\/glaze-comprar\/\",\"url\":\"https:\/\/kumi.es\/en\/shop\/glaze\/glaze-comprar\/\",\"name\":\"Glaze - Kumi The Eternal Beauty\",\"isPartOf\":{\"@id\":\"https:\/\/kumi.es\/#website\"},\"datePublished\":\"2021-12-23T06:33:23+00:00\",\"dateModified\":\"2021-12-23T14:17:54+00:00\",\"breadcrumb\":{\"@id\":\"https:\/\/kumi.es\/en\/shop\/glaze\/glaze-comprar\/#breadcrumb\"},\"inLanguage\":\"en-US\",\"potentialAction\":[{\"@type\":\"ReadAction\",\"target\":[\"https:\/\/kumi.es\/en\/shop\/glaze\/glaze-comprar\/\"]}]},{\"@type\":\"BreadcrumbList\",\"@id\":\"https:\/\/kumi.es\/en\/shop\/glaze\/glaze-comprar\/#breadcrumb\",\"itemListElement\":[{\"@type\":\"ListItem\",\"position\":1,\"name\":\"Portada\",\"item\":\"https:\/\/kumi.es\/en\/home-2\/\"},{\"@type\":\"ListItem\",\"position\":2,\"name\":\"Shop\",\"item\":\"https:\/\/kumi.es\/shop-2\/\"},{\"@type\":\"ListItem\",\"position\":3,\"name\":\"Glaze\"}]},{\"@type\":\"WebSite\",\"@id\":\"https:\/\/kumi.es\/#website\",\"url\":\"https:\/\/kumi.es\/\",\"name\":\"Kumi The Eternal Beauty\",\"description\":\"KUMI El mundo de la cosm\u00e9tica capilar. Productos de peluquer\u00eda y productos para el cabello.\",\"publisher\":{\"@id\":\"https:\/\/kumi.es\/#organization\"},\"potentialAction\":[{\"@type\":\"SearchAction\",\"target\":{\"@type\":\"EntryPoint\",\"urlTemplate\":\"https:\/\/kumi.es\/?s={search_term_string}\"},\"query-input\":\"required name=search_term_string\"}],\"inLanguage\":\"en-US\"},{\"@type\":\"Organization\",\"@id\":\"https:\/\/kumi.es\/#organization\",\"name\":\"Kumi\",\"url\":\"https:\/\/kumi.es\/\",\"sameAs\":[\"https:\/\/www.instagram.com\/kumi_eternal_beauty\/\",\"https:\/\/www.facebook.com\/Kumi-Eternal-Beauty-101308592232562\"],\"logo\":{\"@type\":\"ImageObject\",\"inLanguage\":\"en-US\",\"@id\":\"https:\/\/kumi.es\/#\/schema\/logo\/image\/\",\"url\":\"https:\/\/kumi.es\/wp-content\/uploads\/2016\/09\/footer-2.png\",\"contentUrl\":\"https:\/\/kumi.es\/wp-content\/uploads\/2016\/09\/footer-2.png\",\"width\":121,\"height\":53,\"caption\":\"Kumi\"},\"image\":{\"@id\":\"https:\/\/kumi.es\/#\/schema\/logo\/image\/\"}}]}<\/script>\n<!-- \/ Yoast SEO plugin. -->","yoast_head_json":{"title":"Glaze - Kumi The Eternal Beauty","robots":{"index":"index","follow":"follow","max-snippet":"max-snippet:-1","max-image-preview":"max-image-preview:large","max-video-preview":"max-video-preview:-1"},"canonical":"https:\/\/kumi.es\/en\/shop\/glaze\/glaze-comprar\/","og_locale":"en_US","og_type":"article","og_title":"Glaze - Kumi The Eternal Beauty","og_description":"Glaze by Kumi. Este innovador producto repara no solo el cabello si no tambi\u00e9n la piel. Repara desde el interior el cabello seco y da\u00f1ado, aporta brillo y controla el encrespado. Adem\u00e1s, protege de la acci\u00f3n t\u00e9rmica previniendo as\u00ed la aparici\u00f3n de las puntas abiertas. GLAZE aporta al cabello suavidad, sedosidad . A nivel dermis sirve como base de maquillaje adem\u00e1s de eliminar picores y descamaci\u00f3n . Sus compuestos permiten su uso para la piel , por lo que nutre e hidrata \u00a0el rostro y el cuerpo. Dentro de sus muchas cualidades lo podemos usar como base de maquillaje, descamaciones en cejas y nariz, etc. Entre sus nutrientes a ingredientes, destacar su composici\u00f3n con aceite de Rosa de Mosqueta, camomila, extracto florales con un envolvente aroma, girasoles, parafina, aceite de chufa y otros ingredientes que proceden de cultivos biol\u00f3gicos. \u00a0","og_url":"https:\/\/kumi.es\/en\/shop\/glaze\/glaze-comprar\/","og_site_name":"Kumi The Eternal Beauty","article_publisher":"https:\/\/www.facebook.com\/Kumi-Eternal-Beauty-101308592232562","article_modified_time":"2021-12-23T14:17:54+00:00","og_image":[{"width":1000,"height":1033,"url":"https:\/\/kumi.es\/wp-content\/uploads\/2021\/12\/glaze-kumi.jpg","type":"image\/jpeg"}],"twitter_card":"summary_large_image","twitter_misc":{"Est. reading time":"1 minute"},"schema":{"@context":"https:\/\/schema.org","@graph":[{"@type":"WebPage","@id":"https:\/\/kumi.es\/en\/shop\/glaze\/glaze-comprar\/","url":"https:\/\/kumi.es\/en\/shop\/glaze\/glaze-comprar\/","name":"Glaze - Kumi The Eternal Beauty","isPartOf":{"@id":"https:\/\/kumi.es\/#website"},"datePublished":"2021-12-23T06:33:23+00:00","dateModified":"2021-12-23T14:17:54+00:00","breadcrumb":{"@id":"https:\/\/kumi.es\/en\/shop\/glaze\/glaze-comprar\/#breadcrumb"},"inLanguage":"en-US","potentialAction":[{"@type":"ReadAction","target":["https:\/\/kumi.es\/en\/shop\/glaze\/glaze-comprar\/"]}]},{"@type":"BreadcrumbList","@id":"https:\/\/kumi.es\/en\/shop\/glaze\/glaze-comprar\/#breadcrumb","itemListElement":[{"@type":"ListItem","position":1,"name":"Portada","item":"https:\/\/kumi.es\/en\/home-2\/"},{"@type":"ListItem","position":2,"name":"Shop","item":"https:\/\/kumi.es\/shop-2\/"},{"@type":"ListItem","position":3,"name":"Glaze"}]},{"@type":"WebSite","@id":"https:\/\/kumi.es\/#website","url":"https:\/\/kumi.es\/","name":"Kumi The Eternal Beauty","description":"KUMI El mundo de la cosm\u00e9tica capilar. Productos de peluquer\u00eda y productos para el cabello.","publisher":{"@id":"https:\/\/kumi.es\/#organization"},"potentialAction":[{"@type":"SearchAction","target":{"@type":"EntryPoint","urlTemplate":"https:\/\/kumi.es\/?s={search_term_string}"},"query-input":"required name=search_term_string"}],"inLanguage":"en-US"},{"@type":"Organization","@id":"https:\/\/kumi.es\/#organization","name":"Kumi","url":"https:\/\/kumi.es\/","sameAs":["https:\/\/www.instagram.com\/kumi_eternal_beauty\/","https:\/\/www.facebook.com\/Kumi-Eternal-Beauty-101308592232562"],"logo":{"@type":"ImageObject","inLanguage":"en-US","@id":"https:\/\/kumi.es\/#\/schema\/logo\/image\/","url":"https:\/\/kumi.es\/wp-content\/uploads\/2016\/09\/footer-2.png","contentUrl":"https:\/\/kumi.es\/wp-content\/uploads\/2016\/09\/footer-2.png","width":121,"height":53,"caption":"Kumi"},"image":{"@id":"https:\/\/kumi.es\/#\/schema\/logo\/image\/"}}]}},"_links":{"self":[{"href":"https:\/\/kumi.es\/en\/wp-json\/wp\/v2\/product\/2099"}],"collection":[{"href":"https:\/\/kumi.es\/en\/wp-json\/wp\/v2\/product"}],"about":[{"href":"https:\/\/kumi.es\/en\/wp-json\/wp\/v2\/types\/product"}],"replies":[{"embeddable":true,"href":"https:\/\/kumi.es\/en\/wp-json\/wp\/v2\/comments?post=2099"}],"wp:featuredmedia":[{"embeddable":true,"href":"https:\/\/kumi.es\/en\/wp-json\/wp\/v2\/media\/2257"}],"wp:attachment":[{"href":"https:\/\/kumi.es\/en\/wp-json\/wp\/v2\/media?parent=2099"}],"curies":[{"name":"wp","href":"https:\/\/api.w.org\/{rel}","templated":true}]}}