{"id":1626,"date":"2017-03-10T19:09:09","date_gmt":"2017-03-10T19:09:09","guid":{"rendered":"http:\/\/kumi.es\/?page_id=1626\/"},"modified":"2021-10-26T14:07:53","modified_gmt":"2021-10-26T14:07:53","slug":"privacidad","status":"publish","type":"page","link":"https:\/\/kumi.es\/en\/privacidad\/","title":{"rendered":"Privacy"},"content":{"rendered":"<p>\n        \n    <div class=\"  glacier-section custom-bg\" style=\"padding-top: 45px; padding-bottom: 45px; \"  id=\"section-5615150cd9981\">\n        <div class=\"parallax \" style=\"background:  url(&quot;http:\/\/kumi.es\/wp-content\/uploads\/2015\/02\/fondo-04.jpg&quot;) center center repeat-x scroll;\"><\/div>\n\t    <div class=\"container-fluid auto-height\">                \n<div class=\"row\">\n\t\n\n<div class=\"col-xs-12 col-sm-12\" style=\"background: transparent  \">\n\t\n\t<div style=\"padding-bottom: 100px;\"><\/div>\n\n\n<\/div><\/div>\n\n        <\/div>    <div style=\"clear:both\"><\/div>\n    <\/div>\n\n            <div class=\"glacier-section\" style=\"padding-top: 45px; padding-bottom: 45px; \" id=\"section-5615150d16621\">\n            <div class=\"container\">\n                <section>\n                    \n<div class=\"row\">\n\t\n\n<div class=\"col-xs-12 col-sm-12\" style=\"background: transparent  \">\n\t\n<div class=\"heading-block text-left heading-block-line\">\n\t<h2 class=\"special-heading\" style=\"font-size: 40px;\">PRIVACY POLICY<\/h2>\n\t<\/div><\/div><\/div>\n\n\n<div class=\"row\">\n\t\n\n<div class=\"col-xs-12 col-sm-6\" style=\"background: transparent  top left no-repeat scroll;\">\n\t<div class=\"text-block shortcode-container\" >\n\t<p>PRIVACY AND COOKIES LAW<br \/>Juan Manuel Romay L\u00f3pez and his website kumi.es as the Data Controller, informs them, in relation to art. 13 D. Lgs. N. 196\/2003 Code on the protection of personal data, which will be collected, and will be processed for the purpose of<\/p><p>a) Conclude and terminate the stipulated contractual relationships, and respond, prior to the termination of the contract, to their specific requests;<\/p><p>b) Comply with all kinds of legal and regulatory obligations;<\/p><p>c) Allow registration and access to the reserved areas of the website.<\/p><p>The use of personal data for the purposes related to points a), b) and c) does not require explicit authorization in relation to art. 24 of D. Lgs. N 196\/2003<\/p><p>Personal data will be kept on electronic, computer or telematic supports.<\/p><p>Data not indicated as mandatory are optional. The treatment is mandatory only when such data is necessary to carry out commercial acts and legal obligations. A possible refusal could determine by Kumi the impossibility of complying with the obligations derived from the stipulated commercial relationships.<\/p><p>Personal data will not be disseminated and may be communicated in Spain or in other U.E. countries. to subjects that deal with the delivery of products, credit institutes, legal and tax consultants, transporters.For the purposes indicated above, the data may be communicated to the employees and collaborators designated by Kumi as in charge of the personal data. As the person responsible for the personal data, the IT manager has been appointed.<\/p><p>The data will be processed for the duration of the contractual relationships established and successively to complete all legal obligations.<\/p><p>About us<\/p><p>The address of our website is: kumi.es<\/p><p>Sending a communication to Juan Manuel Romay L\u00f3pez, R\u00faa Margarida 69 between B, 27003 Lugo, with NIF 33348124X<br \/>tel. (0034) 982092441 email: info@kumi.es, they may at any time exercise the rights provided, among which the right to obtain indications about the origin, purpose and method of use of their own personal data; updating or rectification; the cancellation, transformation into anonymous form or the blocking of data processed in violation of the law, the right to oppose, totally or partially, for legitimate reasons the use of personal data; to the use of personal data for the purpose of sending advertising material or direct sales, or to complete market studies or other types of commercial communication.<\/p><p>cookies<\/p><p>Types of cookies<\/p><p>Depending on who is the entity that manages the domain from where the cookies are sent and the data obtained is processed, two types can be distinguished: own cookies and third-party cookies.<\/p><p>There is also a second classification according to the period of time that they remain stored in the client's browser, which may be session cookies or persistent cookies.<\/p><p>Finally, there is another classification with five types of cookies according to the purpose for which the data obtained is processed: technical cookies, personalization cookies, analysis cookies, advertising cookies and behavioral advertising cookies.<\/p><p>For more information in this regard, you can consult the Guide on the use of cookies from the Spanish Agency for Data Protection.<br \/>Embedded content from other websites<\/p><p>Articles on this site may include embedded content (for example, videos, images, articles, etc.). Embedded content from other websites behaves in exactly the same way as if the visitor had visited the other website.<\/p><p>These websites may collect data about you, use cookies, embed additional third-party tracking, and monitor your interaction with that embedded content, including tracking your interaction with embedded content if you have an account and are connected to that website.<br \/>Analytics<br \/>Who we share your data with<\/p><p>Your personal data entered is not shared with anyone, except for those page visit counters that are registered through the Google analytics application, but in such a way that we do not study or store specifically which pages in specific visits, if not which data is only computed in a global of the most visited pages of our website- This is so that we know what type of content our users like the most.<\/p><p>For more information on Google analytics and its compliance in terms of data protection, we leave you this link to its website:<\/p><p>https:\/\/privacy.google.com\/businesses\/compliance\/#?modal_active=none<\/p><p>The database of registered web users is stored in Nominalia, which has the following registered data and complies with the data protection law:<\/p><p>Nominalia<br \/>You can access your privacy policy at the following link:<br \/>https:\/\/www.nominalia.com\/quienes-somos\/condiciones-legales\/cookies\/<\/p><p>When visitors leave comments on the web, we collect the data shown in the comment form, as well as the visitor's IP address and browser user agent string to help detect spam.<\/p><p>An anonymous string created from your email address (also called a hash) can be provided to the Gravatar service to see if you are using it. The Gravatar service privacy policy is available here: https:\/\/automattic.com\/privacy\/. After approval of your comment, your profile image is visible to the public in the context of your comment.<br \/>Media<\/p><p>If you upload images to the web you should avoid uploading images with location data (EXIF GPS) included. Visitors to the website can download and extract any location data from the images on the website.<br \/>Contact forms<\/p><p>If you send us a contact form, you have to accept that you understand these privacy conditions. The only way we have to follow up on your requests is by keeping your data stored to speed up the following queries.<\/p><p>Your email messages through the form will be stored, both the time and date of sending, as well as the personal data that you decide to include (mail, telephone, messages ...) as well as the IP address and the browser you use.<\/p><p>We do all this to ensure that we can respond to you and also to have a guarantee that you accept our conditions. In the event that you prefer that we erase this data once we resolve your doubts, you just have to indicate it to us in the email info@kumi.es or by responding with the same request in the same thread of the message in which you made the query.<\/p><p>How long we keep your data<\/p><p>If you leave a comment, the comment and its metadata are kept indefinitely. This is so that we can recognize and approve subsequent comments automatically instead of keeping them in a moderation queue.<\/p><p>Of the users who register on our website (if any), we also store the personal information that they provide in their user profile. All users can view, edit or delete their personal information at any time (except that they cannot change their username). Website administrators can also view and edit this information.<br \/>What rights do you have over your data?<\/p><p>If you have an account or have left comments on this website, you can request to receive an export file of the personal data we have about you, including any data you have provided us. You can also request that we delete any personal data we hold about you. This does not include any data that we are required to keep for administrative, legal or security purposes.<br \/>Where we send your data<\/p><p>Visitor comments may be checked by an automated spam detection service. The rest are stored in our web databases on Nominalia's hosting.<br \/>Contact information<\/p><p>Sending a communication to Juan Manuel Romay L\u00f3pez, R\u00faa Margarida 69 between B, 27003 Lugo, with NIF 33348124X<br \/>tel. (0034) 982092441 email: info@kumi.es, they may at any time exercise the rights provided, including the right to obtain information on the origin, purpose and method of use of their personal data; updating or rectification; the cancellation, transformation into anonymous form or the blocking of data processed in violation of the law, the right to oppose, totally or partially, for legitimate reasons the use of personal data; to the use of personal data for the purpose of sending advertising material or direct sales, or to complete market studies or other types of commercial communication.<br \/>Additional Information<\/p><p>IP ADDRESSES<br \/>The website servers will be able to automatically detect the IP address and domain name used by the user. An IP address is a number automatically assigned to a computer when it connects to the Internet. All this information is registered in a duly registered server activity file that allows the subsequent processing of the data in order to obtain only statistical measurements that allow knowing the number of page impressions, the number of visits made to web services, the order of visits, the access point, etc.<\/p><p>SEGURIDAD<br \/>El sitio web utiliza t\u00e9cnicas de seguridad de la informaci\u00f3n generalmente aceptadas en la industria, tales como firewalls, procedimientos de control de acceso y mecanismos criptogr\u00e1ficos, todo ello con el objeto de evitar el acceso no autorizado a los datos. Para lograr estos fines, el usuario\/cliente acepta que el prestador obtenga datos para efectos de la correspondiente autenticaci\u00f3n de los controles de acceso.<br \/>Esta web no trata en ning\u00fan caso, datos de tipo sensible (salud, sexual etc..).<\/p><p>C\u00f3mo protegemos tus datos<\/p><p>Los datos de posibles usuario o suscriptores de la web est\u00e1n almacenados en una base de datos ubicado en el hosting de la empresa 1and 1. Estos servidores son seguros y protegidos. Si descargamos alguna copia de seguridad ser\u00e1 almacenado en un dispositivo protegido por contrase\u00f1a segura<br \/>Qu\u00e9 procedimientos utilizamos contra las brechas de datos<\/p><p>SI ocurriera alg\u00fan percance con p\u00e9rdida o sustracci\u00f3n de datos, os lo comunicar\u00edamos y proceder\u00edamos a notificarlo a la Agencia de Protecci\u00f3n de Datos<\/p><p>Requerimientos regulatorios de revelaci\u00f3n de informaci\u00f3n del sector<\/p><p>En cualquier momento puedes consultarnos a trav\u00e9s del formulario de contacto o en el correo de info@kumi.es qu\u00e9 datos tuyos tenemos almacenados, as\u00ed como el derecho a compartirlos con la empresa u organizaci\u00f3n que nos indiques, y el derecho a eliminaci\u00f3n o borrado de los mismos<\/p><p>Resoluci\u00f3n de conflictos alternativa (ADR)<\/p><p>Adem\u00e1s de la comunicaci\u00f3n directa a trav\u00e9s de nuestro email y tel\u00e9fono, tiene disponible un enlace a la aplicaci\u00f3n de resoluci\u00f3n de conflictos proporcionada por la UE.<\/p><p>\u201cResoluci\u00f3n de litigios en l\u00ednea conforme al Art. 14.1 del Reglamento (UE) 524\/2013 : La Comisi\u00f3n Europea facilita una plataforma de resoluci\u00f3n de litigios en l\u00ednea, la cual se encuentra disponible en el siguiente enlace: http:\/\/ec.europa.eu\/odr<br \/>ACEPTACI\u00d3N Y CAMBIOS<br \/>El uso de este sitio web implicar\u00e1 la aceptaci\u00f3n de esta pol\u00edtica de privacidad.<br \/>La empresa se reserva el derecho a cambiar esta Pol\u00edtica de Privacidad sin previo aviso.<\/p><\/div><\/div><\/div>\n\n                <\/section>\n            <\/div>\n                    <\/div>\n    <\/p>\n","protected":false},"excerpt":{"rendered":"<p>PRIVACY POLICY PRIVACY AND COOKIES LAWJuan Manuel Romay L\u00f3pez and his website kumi.es as the Data Controller, informs them, in relation to art. 13 D. Lgs. N. 196\/2003 Code on the protection of personal data, which will be collected, and will be processed for the purpose ofa) Conclude and terminate the stipulated contractual relationships, and [&hellip;]<\/p>\n","protected":false},"author":1,"featured_media":0,"parent":0,"menu_order":0,"comment_status":"open","ping_status":"open","template":"","meta":[],"yoast_head":"<!-- This site is optimized with the Yoast SEO plugin v19.6 - https:\/\/yoast.com\/wordpress\/plugins\/seo\/ -->\n<title>Privacy - Kumi The Eternal Beauty<\/title>\n<meta name=\"robots\" content=\"index, follow, max-snippet:-1, max-image-preview:large, max-video-preview:-1\" \/>\n<link rel=\"canonical\" href=\"https:\/\/kumi.es\/en\/privacidad\/\" \/>\n<meta property=\"og:locale\" content=\"en_US\" \/>\n<meta property=\"og:type\" content=\"article\" \/>\n<meta property=\"og:title\" content=\"Privacy - Kumi The Eternal Beauty\" \/>\n<meta property=\"og:description\" content=\"PRIVACY POLICY PRIVACY AND COOKIES LAWJuan Manuel Romay L\u00f3pez and his website kumi.es as the Data Controller, informs them, in relation to art. 13 D. Lgs. N. 196\/2003 Code on the protection of personal data, which will be collected, and will be processed for the purpose ofa) Conclude and terminate the stipulated contractual relationships, and [&hellip;]\" \/>\n<meta property=\"og:url\" content=\"https:\/\/kumi.es\/en\/privacidad\/\" \/>\n<meta property=\"og:site_name\" content=\"Kumi The Eternal Beauty\" \/>\n<meta property=\"article:publisher\" content=\"https:\/\/www.facebook.com\/Kumi-Eternal-Beauty-101308592232562\" \/>\n<meta property=\"article:modified_time\" content=\"2021-10-26T14:07:53+00:00\" \/>\n<meta name=\"twitter:card\" content=\"summary_large_image\" \/>\n<meta name=\"twitter:label1\" content=\"Est. reading time\" \/>\n\t<meta name=\"twitter:data1\" content=\"9 minutes\" \/>\n<script type=\"application\/ld+json\" class=\"yoast-schema-graph\">{\"@context\":\"https:\/\/schema.org\",\"@graph\":[{\"@type\":\"WebPage\",\"@id\":\"https:\/\/kumi.es\/en\/privacidad\/\",\"url\":\"https:\/\/kumi.es\/en\/privacidad\/\",\"name\":\"Privacy - Kumi The Eternal Beauty\",\"isPartOf\":{\"@id\":\"https:\/\/kumi.es\/#website\"},\"datePublished\":\"2017-03-10T19:09:09+00:00\",\"dateModified\":\"2021-10-26T14:07:53+00:00\",\"breadcrumb\":{\"@id\":\"https:\/\/kumi.es\/en\/privacidad\/#breadcrumb\"},\"inLanguage\":\"en-US\",\"potentialAction\":[{\"@type\":\"ReadAction\",\"target\":[\"https:\/\/kumi.es\/en\/privacidad\/\"]}]},{\"@type\":\"BreadcrumbList\",\"@id\":\"https:\/\/kumi.es\/en\/privacidad\/#breadcrumb\",\"itemListElement\":[{\"@type\":\"ListItem\",\"position\":1,\"name\":\"Portada\",\"item\":\"https:\/\/kumi.es\/en\/home-2\/\"},{\"@type\":\"ListItem\",\"position\":2,\"name\":\"Privacy\"}]},{\"@type\":\"WebSite\",\"@id\":\"https:\/\/kumi.es\/#website\",\"url\":\"https:\/\/kumi.es\/\",\"name\":\"Kumi The Eternal Beauty\",\"description\":\"KUMI El mundo de la cosm\u00e9tica capilar. Productos de peluquer\u00eda y productos para el cabello.\",\"publisher\":{\"@id\":\"https:\/\/kumi.es\/#organization\"},\"potentialAction\":[{\"@type\":\"SearchAction\",\"target\":{\"@type\":\"EntryPoint\",\"urlTemplate\":\"https:\/\/kumi.es\/?s={search_term_string}\"},\"query-input\":\"required name=search_term_string\"}],\"inLanguage\":\"en-US\"},{\"@type\":\"Organization\",\"@id\":\"https:\/\/kumi.es\/#organization\",\"name\":\"Kumi\",\"url\":\"https:\/\/kumi.es\/\",\"sameAs\":[\"https:\/\/www.instagram.com\/kumi_eternal_beauty\/\",\"https:\/\/www.facebook.com\/Kumi-Eternal-Beauty-101308592232562\"],\"logo\":{\"@type\":\"ImageObject\",\"inLanguage\":\"en-US\",\"@id\":\"https:\/\/kumi.es\/#\/schema\/logo\/image\/\",\"url\":\"https:\/\/kumi.es\/wp-content\/uploads\/2016\/09\/footer-2.png\",\"contentUrl\":\"https:\/\/kumi.es\/wp-content\/uploads\/2016\/09\/footer-2.png\",\"width\":121,\"height\":53,\"caption\":\"Kumi\"},\"image\":{\"@id\":\"https:\/\/kumi.es\/#\/schema\/logo\/image\/\"}}]}<\/script>\n<!-- \/ Yoast SEO plugin. -->","yoast_head_json":{"title":"Privacy - Kumi The Eternal Beauty","robots":{"index":"index","follow":"follow","max-snippet":"max-snippet:-1","max-image-preview":"max-image-preview:large","max-video-preview":"max-video-preview:-1"},"canonical":"https:\/\/kumi.es\/en\/privacidad\/","og_locale":"en_US","og_type":"article","og_title":"Privacy - Kumi The Eternal Beauty","og_description":"PRIVACY POLICY PRIVACY AND COOKIES LAWJuan Manuel Romay L\u00f3pez and his website kumi.es as the Data Controller, informs them, in relation to art. 13 D. Lgs. N. 196\/2003 Code on the protection of personal data, which will be collected, and will be processed for the purpose ofa) Conclude and terminate the stipulated contractual relationships, and [&hellip;]","og_url":"https:\/\/kumi.es\/en\/privacidad\/","og_site_name":"Kumi The Eternal Beauty","article_publisher":"https:\/\/www.facebook.com\/Kumi-Eternal-Beauty-101308592232562","article_modified_time":"2021-10-26T14:07:53+00:00","twitter_card":"summary_large_image","twitter_misc":{"Est. reading time":"9 minutes"},"schema":{"@context":"https:\/\/schema.org","@graph":[{"@type":"WebPage","@id":"https:\/\/kumi.es\/en\/privacidad\/","url":"https:\/\/kumi.es\/en\/privacidad\/","name":"Privacy - Kumi The Eternal Beauty","isPartOf":{"@id":"https:\/\/kumi.es\/#website"},"datePublished":"2017-03-10T19:09:09+00:00","dateModified":"2021-10-26T14:07:53+00:00","breadcrumb":{"@id":"https:\/\/kumi.es\/en\/privacidad\/#breadcrumb"},"inLanguage":"en-US","potentialAction":[{"@type":"ReadAction","target":["https:\/\/kumi.es\/en\/privacidad\/"]}]},{"@type":"BreadcrumbList","@id":"https:\/\/kumi.es\/en\/privacidad\/#breadcrumb","itemListElement":[{"@type":"ListItem","position":1,"name":"Portada","item":"https:\/\/kumi.es\/en\/home-2\/"},{"@type":"ListItem","position":2,"name":"Privacy"}]},{"@type":"WebSite","@id":"https:\/\/kumi.es\/#website","url":"https:\/\/kumi.es\/","name":"Kumi The Eternal Beauty","description":"KUMI El mundo de la cosm\u00e9tica capilar. Productos de peluquer\u00eda y productos para el cabello.","publisher":{"@id":"https:\/\/kumi.es\/#organization"},"potentialAction":[{"@type":"SearchAction","target":{"@type":"EntryPoint","urlTemplate":"https:\/\/kumi.es\/?s={search_term_string}"},"query-input":"required name=search_term_string"}],"inLanguage":"en-US"},{"@type":"Organization","@id":"https:\/\/kumi.es\/#organization","name":"Kumi","url":"https:\/\/kumi.es\/","sameAs":["https:\/\/www.instagram.com\/kumi_eternal_beauty\/","https:\/\/www.facebook.com\/Kumi-Eternal-Beauty-101308592232562"],"logo":{"@type":"ImageObject","inLanguage":"en-US","@id":"https:\/\/kumi.es\/#\/schema\/logo\/image\/","url":"https:\/\/kumi.es\/wp-content\/uploads\/2016\/09\/footer-2.png","contentUrl":"https:\/\/kumi.es\/wp-content\/uploads\/2016\/09\/footer-2.png","width":121,"height":53,"caption":"Kumi"},"image":{"@id":"https:\/\/kumi.es\/#\/schema\/logo\/image\/"}}]}},"_links":{"self":[{"href":"https:\/\/kumi.es\/en\/wp-json\/wp\/v2\/pages\/1626"}],"collection":[{"href":"https:\/\/kumi.es\/en\/wp-json\/wp\/v2\/pages"}],"about":[{"href":"https:\/\/kumi.es\/en\/wp-json\/wp\/v2\/types\/page"}],"author":[{"embeddable":true,"href":"https:\/\/kumi.es\/en\/wp-json\/wp\/v2\/users\/1"}],"replies":[{"embeddable":true,"href":"https:\/\/kumi.es\/en\/wp-json\/wp\/v2\/comments?post=1626"}],"version-history":[{"count":4,"href":"https:\/\/kumi.es\/en\/wp-json\/wp\/v2\/pages\/1626\/revisions"}],"predecessor-version":[{"id":1826,"href":"https:\/\/kumi.es\/en\/wp-json\/wp\/v2\/pages\/1626\/revisions\/1826"}],"wp:attachment":[{"href":"https:\/\/kumi.es\/en\/wp-json\/wp\/v2\/media?parent=1626"}],"curies":[{"name":"wp","href":"https:\/\/api.w.org\/{rel}","templated":true}]}}